{"id":3,"date":"2023-08-27T19:19:33","date_gmt":"2023-08-27T19:19:33","guid":{"rendered":"http:\/\/csindustrialc.com\/csi\/?page_id=3"},"modified":"2023-10-13T00:30:15","modified_gmt":"2023-10-13T00:30:15","slug":"aviso-privacidad","status":"publish","type":"page","link":"https:\/\/csindustrialc.com\/csi\/aviso-privacidad\/","title":{"rendered":""},"content":{"rendered":"\t\t<div data-elementor-type=\"wp-page\" data-elementor-id=\"3\" class=\"elementor elementor-3\" data-elementor-post-type=\"page\">\n\t\t\t\t\t\t<section class=\"elementor-section elementor-top-section elementor-element elementor-element-80j7g7s elementor-section-content-middle elementor-section-boxed elementor-section-height-default elementor-section-height-default\" data-id=\"80j7g7s\" data-element_type=\"section\" data-settings=\"{&quot;background_background&quot;:&quot;classic&quot;}\">\n\t\t\t\t\t\t<div class=\"elementor-container elementor-column-gap-no\">\n\t\t\t\t\t<div class=\"elementor-column elementor-col-100 elementor-top-column elementor-element elementor-element-8712de8\" data-id=\"8712de8\" data-element_type=\"column\">\n\t\t\t<div class=\"elementor-widget-wrap elementor-element-populated\">\n\t\t\t\t\t\t<div class=\"elementor-element elementor-element-a8f902c elementor-invisible elementor-widget elementor-widget-toggle\" data-id=\"a8f902c\" data-element_type=\"widget\" data-settings=\"{&quot;_animation&quot;:&quot;zoomIn&quot;}\" data-widget_type=\"toggle.default\">\n\t\t\t\t<div class=\"elementor-widget-container\">\n\t\t\t\t\t\t\t<div class=\"elementor-toggle\">\n\t\t\t\t\t\t\t<div class=\"elementor-toggle-item\">\n\t\t\t\t\t<div id=\"elementor-tab-title-1771\" class=\"elementor-tab-title\" data-tab=\"1\" role=\"button\" aria-controls=\"elementor-tab-content-1771\" aria-expanded=\"false\">\n\t\t\t\t\t\t\t\t\t\t\t\t<span class=\"elementor-toggle-icon elementor-toggle-icon-left\" aria-hidden=\"true\">\n\t\t\t\t\t\t\t\t\t\t\t\t\t\t\t<span class=\"elementor-toggle-icon-closed\"><i class=\"fas fa-caret-right\"><\/i><\/span>\n\t\t\t\t\t\t\t\t<span class=\"elementor-toggle-icon-opened\"><i class=\"elementor-toggle-icon-opened fas fa-caret-up\"><\/i><\/span>\n\t\t\t\t\t\t\t\t\t\t\t\t\t<\/span>\n\t\t\t\t\t\t\t\t\t\t\t\t<a class=\"elementor-toggle-title\" tabindex=\"0\">Responsable de los datos personales<\/a>\n\t\t\t\t\t<\/div>\n\n\t\t\t\t\t<div id=\"elementor-tab-content-1771\" class=\"elementor-tab-content elementor-clearfix\" data-tab=\"1\" role=\"region\" aria-labelledby=\"elementor-tab-title-1771\"><p>Para efectos del presente Aviso de Privacidad, Competencia en Seguridad Industrial, S.A. de C.V., con domicilio en Carretera Coatzintla \u2013 Palma Sola Km. 3.3, Corralillos, en el municipio de Coatzintla del Estado de Veracruz, ser\u00e1 responsable de recabar sus datos personales, del uso que se le d\u00e9 a los mismos y de su protecci\u00f3n.<\/p><\/div>\n\t\t\t\t<\/div>\n\t\t\t\t\t\t\t<div class=\"elementor-toggle-item\">\n\t\t\t\t\t<div id=\"elementor-tab-title-1772\" class=\"elementor-tab-title\" data-tab=\"2\" role=\"button\" aria-controls=\"elementor-tab-content-1772\" aria-expanded=\"false\">\n\t\t\t\t\t\t\t\t\t\t\t\t<span class=\"elementor-toggle-icon elementor-toggle-icon-left\" aria-hidden=\"true\">\n\t\t\t\t\t\t\t\t\t\t\t\t\t\t\t<span class=\"elementor-toggle-icon-closed\"><i class=\"fas fa-caret-right\"><\/i><\/span>\n\t\t\t\t\t\t\t\t<span class=\"elementor-toggle-icon-opened\"><i class=\"elementor-toggle-icon-opened fas fa-caret-up\"><\/i><\/span>\n\t\t\t\t\t\t\t\t\t\t\t\t\t<\/span>\n\t\t\t\t\t\t\t\t\t\t\t\t<a class=\"elementor-toggle-title\" tabindex=\"0\">Tratamiento de los datos personales<\/a>\n\t\t\t\t\t<\/div>\n\n\t\t\t\t\t<div id=\"elementor-tab-content-1772\" class=\"elementor-tab-content elementor-clearfix\" data-tab=\"2\" role=\"region\" aria-labelledby=\"elementor-tab-title-1772\"><p>Para navegar por la p\u00e1gina web no es necesario facilitar ning\u00fan dato de car\u00e1cter personal. Los casos en los que el Titular s\u00ed proporciona datos personales son los siguientes:<\/p><ul><li><p>En caso de requerir informaci\u00f3n sobre vacantes laborales, se solicitar\u00e1 nombre completo, correo electr\u00f3nico, tel\u00e9fono y ciudad de residencia.<\/p><\/li><li><p>Por otro lado, si tiene inter\u00e9s en formar parte de nuestra cartera de proveedores se necesitar\u00e1 el nombre de la empresa, un nombre de contacto, correo electr\u00f3nico y ciudad de residencia.<\/p><\/li><li><p>Adem\u00e1s, si desea adquirir alguno de nuestros servicios se requerir\u00e1 de igual manera un el nombre de la empresa, un nombre de contacto, correo electr\u00f3nico y ciudad de residencia.<\/p><\/li><li><p>Finalmente, si tiene alguna sugerencia hacia nosotros, esta puede ser an\u00f3nima, si usted lo desea. En caso de darle seguimiento a la misma, se solicitar\u00e1 su nombre, correo electr\u00f3nico y tel\u00e9fono.<\/p><\/li><\/ul><\/div>\n\t\t\t\t<\/div>\n\t\t\t\t\t\t\t<div class=\"elementor-toggle-item\">\n\t\t\t\t\t<div id=\"elementor-tab-title-1773\" class=\"elementor-tab-title\" data-tab=\"3\" role=\"button\" aria-controls=\"elementor-tab-content-1773\" aria-expanded=\"false\">\n\t\t\t\t\t\t\t\t\t\t\t\t<span class=\"elementor-toggle-icon elementor-toggle-icon-left\" aria-hidden=\"true\">\n\t\t\t\t\t\t\t\t\t\t\t\t\t\t\t<span class=\"elementor-toggle-icon-closed\"><i class=\"fas fa-caret-right\"><\/i><\/span>\n\t\t\t\t\t\t\t\t<span class=\"elementor-toggle-icon-opened\"><i class=\"elementor-toggle-icon-opened fas fa-caret-up\"><\/i><\/span>\n\t\t\t\t\t\t\t\t\t\t\t\t\t<\/span>\n\t\t\t\t\t\t\t\t\t\t\t\t<a class=\"elementor-toggle-title\" tabindex=\"0\">Finalidades del tratamiento<\/a>\n\t\t\t\t\t<\/div>\n\n\t\t\t\t\t<div id=\"elementor-tab-content-1773\" class=\"elementor-tab-content elementor-clearfix\" data-tab=\"3\" role=\"region\" aria-labelledby=\"elementor-tab-title-1773\"><p>Competencia en Seguridad Industrial, utilizar\u00e1 su informaci\u00f3n proporcionada \u00fanicamente para los siguientes fines:<\/p><ul><li><p>An\u00e1lisis estad\u00edsticos.<\/p><\/li><li><p>Atenci\u00f3n a quejas y\/o sugerencias.<\/p><\/li><li><p>Establecimiento de relaciones comerciales.<\/p><\/li><li><p>Bolsa de trabajo.<\/p><\/li><\/ul><p>Cabe mencionar que todos los datos personales derivados de los puntos antes se\u00f1alados ser\u00e1n tratados de forma que garantice la seguridad, confidencialidad e integridad del Titular.<\/p><\/div>\n\t\t\t\t<\/div>\n\t\t\t\t\t\t\t<div class=\"elementor-toggle-item\">\n\t\t\t\t\t<div id=\"elementor-tab-title-1774\" class=\"elementor-tab-title\" data-tab=\"4\" role=\"button\" aria-controls=\"elementor-tab-content-1774\" aria-expanded=\"false\">\n\t\t\t\t\t\t\t\t\t\t\t\t<span class=\"elementor-toggle-icon elementor-toggle-icon-left\" aria-hidden=\"true\">\n\t\t\t\t\t\t\t\t\t\t\t\t\t\t\t<span class=\"elementor-toggle-icon-closed\"><i class=\"fas fa-caret-right\"><\/i><\/span>\n\t\t\t\t\t\t\t\t<span class=\"elementor-toggle-icon-opened\"><i class=\"elementor-toggle-icon-opened fas fa-caret-up\"><\/i><\/span>\n\t\t\t\t\t\t\t\t\t\t\t\t\t<\/span>\n\t\t\t\t\t\t\t\t\t\t\t\t<a class=\"elementor-toggle-title\" tabindex=\"0\">Mecanismos para manifestar negativa en el tratamiento de los datos personales<\/a>\n\t\t\t\t\t<\/div>\n\n\t\t\t\t\t<div id=\"elementor-tab-content-1774\" class=\"elementor-tab-content elementor-clearfix\" data-tab=\"4\" role=\"region\" aria-labelledby=\"elementor-tab-title-1774\"><p>El Titular tiene derecho al acceso de los datos que posee el Responsable y a los detalles de su tratamiento, as\u00ed como a rectificarlos en caso de ser inexactos o incompletos, o bien, cancelarlos cuando considere que no se requieren para alguna de las finalidades se\u00f1aladas en el presente Aviso de Privacidad.<\/p><p>Para el proceso de este tr\u00e1mite, deber\u00e1 enviar su solicitud v\u00eda correo electr\u00f3nico a contacto@csindustrialc.com, adjuntando adem\u00e1s fotocopia de alg\u00fan documento que acredite su identidad. Cabe se\u00f1alar que la ejecuci\u00f3n del mismo es personal, por lo tanto, deber\u00e1 ser realizado directamente por el interesado. Asimismo, le agradeceremos incluir una descripci\u00f3n clara y precisa de los datos respecto de los que se busca ejercer alguno de los derechos ARCO de la Ley Federal de Protecci\u00f3n de Datos Personales en posici\u00f3n de los Particulares, y de cualquier otro elemento que nos permita identificar o localizar los datos personales en cuesti\u00f3n. Cuando se trate de \u201crectificaci\u00f3n\u201d de su informaci\u00f3n, deber\u00e1 indicarnos tambi\u00e9n cu\u00e1l es la modificaci\u00f3n exacta que busca realizar y presentar la documentaci\u00f3n necesaria que soporte la petici\u00f3n.<\/p><\/div>\n\t\t\t\t<\/div>\n\t\t\t\t\t\t\t<div class=\"elementor-toggle-item\">\n\t\t\t\t\t<div id=\"elementor-tab-title-1775\" class=\"elementor-tab-title\" data-tab=\"5\" role=\"button\" aria-controls=\"elementor-tab-content-1775\" aria-expanded=\"false\">\n\t\t\t\t\t\t\t\t\t\t\t\t<span class=\"elementor-toggle-icon elementor-toggle-icon-left\" aria-hidden=\"true\">\n\t\t\t\t\t\t\t\t\t\t\t\t\t\t\t<span class=\"elementor-toggle-icon-closed\"><i class=\"fas fa-caret-right\"><\/i><\/span>\n\t\t\t\t\t\t\t\t<span class=\"elementor-toggle-icon-opened\"><i class=\"elementor-toggle-icon-opened fas fa-caret-up\"><\/i><\/span>\n\t\t\t\t\t\t\t\t\t\t\t\t\t<\/span>\n\t\t\t\t\t\t\t\t\t\t\t\t<a class=\"elementor-toggle-title\" tabindex=\"0\">Transferencia de datos personales<\/a>\n\t\t\t\t\t<\/div>\n\n\t\t\t\t\t<div id=\"elementor-tab-content-1775\" class=\"elementor-tab-content elementor-clearfix\" data-tab=\"5\" role=\"region\" aria-labelledby=\"elementor-tab-title-1775\"><p>Una vez que el Titular otorgue sus datos personales, el Responsable manifiesta que estos ser\u00e1n conservados en diferentes medios seguros que la tecnolog\u00eda permita, cuyo acceso estar\u00e1 limitado solamente a las personas f\u00edsicas y\/o morales con la que tengamos alguna relaci\u00f3n jur\u00eddica. En Competencia en Seguridad Industrial, S.A. de C.V. contamos con las medidas de seguridad adecuadas para proteger el uso de su informaci\u00f3n por parte de terceros no autorizados. En caso de requerimiento de alguna autoridad, los datos podr\u00e1n ponerse a disposici\u00f3n de estas, dentro del estricto cumplimiento a la Ley.<\/p><\/div>\n\t\t\t\t<\/div>\n\t\t\t\t\t\t\t<div class=\"elementor-toggle-item\">\n\t\t\t\t\t<div id=\"elementor-tab-title-1776\" class=\"elementor-tab-title\" data-tab=\"6\" role=\"button\" aria-controls=\"elementor-tab-content-1776\" aria-expanded=\"false\">\n\t\t\t\t\t\t\t\t\t\t\t\t<span class=\"elementor-toggle-icon elementor-toggle-icon-left\" aria-hidden=\"true\">\n\t\t\t\t\t\t\t\t\t\t\t\t\t\t\t<span class=\"elementor-toggle-icon-closed\"><i class=\"fas fa-caret-right\"><\/i><\/span>\n\t\t\t\t\t\t\t\t<span class=\"elementor-toggle-icon-opened\"><i class=\"elementor-toggle-icon-opened fas fa-caret-up\"><\/i><\/span>\n\t\t\t\t\t\t\t\t\t\t\t\t\t<\/span>\n\t\t\t\t\t\t\t\t\t\t\t\t<a class=\"elementor-toggle-title\" tabindex=\"0\">Consentimiento del Titular<\/a>\n\t\t\t\t\t<\/div>\n\n\t\t\t\t\t<div id=\"elementor-tab-content-1776\" class=\"elementor-tab-content elementor-clearfix\" data-tab=\"6\" role=\"region\" aria-labelledby=\"elementor-tab-title-1776\"><p>Por lo que respecta a lo dispuesto en el Art\u00edculo 8 de la Ley, se entender\u00e1 que el Titular concede el acceso a sus datos personales, cuando habi\u00e9ndose puesto a su disposici\u00f3n el presente Aviso de Privacidad, no manifieste su oposici\u00f3n.<\/p><\/div>\n\t\t\t\t<\/div>\n\t\t\t\t\t\t\t<div class=\"elementor-toggle-item\">\n\t\t\t\t\t<div id=\"elementor-tab-title-1777\" class=\"elementor-tab-title\" data-tab=\"7\" role=\"button\" aria-controls=\"elementor-tab-content-1777\" aria-expanded=\"false\">\n\t\t\t\t\t\t\t\t\t\t\t\t<span class=\"elementor-toggle-icon elementor-toggle-icon-left\" aria-hidden=\"true\">\n\t\t\t\t\t\t\t\t\t\t\t\t\t\t\t<span class=\"elementor-toggle-icon-closed\"><i class=\"fas fa-caret-right\"><\/i><\/span>\n\t\t\t\t\t\t\t\t<span class=\"elementor-toggle-icon-opened\"><i class=\"elementor-toggle-icon-opened fas fa-caret-up\"><\/i><\/span>\n\t\t\t\t\t\t\t\t\t\t\t\t\t<\/span>\n\t\t\t\t\t\t\t\t\t\t\t\t<a class=\"elementor-toggle-title\" tabindex=\"0\">Cambio en el Aviso de Privacidad<\/a>\n\t\t\t\t\t<\/div>\n\n\t\t\t\t\t<div id=\"elementor-tab-content-1777\" class=\"elementor-tab-content elementor-clearfix\" data-tab=\"7\" role=\"region\" aria-labelledby=\"elementor-tab-title-1777\"><p>Cualquier modificaci\u00f3n a este aviso de privacidad podr\u00e1 consultarla en nuestra p\u00e1gina web http:\/\/csindustrialc.com\/<\/p><p>Fecha de actualizaci\u00f3n: 27\/07\/23<\/p><\/div>\n\t\t\t\t<\/div>\n\t\t\t\t\t\t\t\t<\/div>\n\t\t\t\t\t\t<\/div>\n\t\t\t\t<\/div>\n\t\t\t\t\t<\/div>\n\t\t<\/div>\n\t\t\t\t\t<\/div>\n\t\t<\/section>\n\t\t\t\t<\/div>\n\t\t","protected":false},"excerpt":{"rendered":"<p>AVISO DE PRIVACIDAD Competencia en Seguridad Industrial, S.A. de C.V., se compromete a asegurar la privacidad de la informaci\u00f3n personal obtenida a trav\u00e9s de su sitio web http:\/\/csindustrialc.com\/ Solicitamos leer cuidadosamente los t\u00e9rminos y condiciones descritos a continuaci\u00f3n, ya que la aportaci\u00f3n de sus datos personales constituye la aceptaci\u00f3n de estos lineamientos. Responsable de los [&hellip;]<\/p>\n","protected":false},"author":1,"featured_media":0,"parent":0,"menu_order":0,"comment_status":"closed","ping_status":"closed","template":"","meta":{"footnotes":""},"class_list":["post-3","page","type-page","status-publish","hentry"],"_links":{"self":[{"href":"https:\/\/csindustrialc.com\/csi\/wp-json\/wp\/v2\/pages\/3","targetHints":{"allow":["GET"]}}],"collection":[{"href":"https:\/\/csindustrialc.com\/csi\/wp-json\/wp\/v2\/pages"}],"about":[{"href":"https:\/\/csindustrialc.com\/csi\/wp-json\/wp\/v2\/types\/page"}],"author":[{"embeddable":true,"href":"https:\/\/csindustrialc.com\/csi\/wp-json\/wp\/v2\/users\/1"}],"replies":[{"embeddable":true,"href":"https:\/\/csindustrialc.com\/csi\/wp-json\/wp\/v2\/comments?post=3"}],"version-history":[{"count":46,"href":"https:\/\/csindustrialc.com\/csi\/wp-json\/wp\/v2\/pages\/3\/revisions"}],"predecessor-version":[{"id":1951,"href":"https:\/\/csindustrialc.com\/csi\/wp-json\/wp\/v2\/pages\/3\/revisions\/1951"}],"wp:attachment":[{"href":"https:\/\/csindustrialc.com\/csi\/wp-json\/wp\/v2\/media?parent=3"}],"curies":[{"name":"wp","href":"https:\/\/api.w.org\/{rel}","templated":true}]}}